{"id":12306,"date":"2021-05-07T04:36:45","date_gmt":"2021-05-07T02:36:45","guid":{"rendered":"https:\/\/www.bancale.org\/le-membre-fantome\/?page_id=12306"},"modified":"2021-05-07T05:43:04","modified_gmt":"2021-05-07T03:43:04","slug":"espace-pro","status":"publish","type":"page","link":"https:\/\/www.bancale.org\/le-membre-fantome\/espace-pro\/","title":{"rendered":"Espace Pro"},"content":{"rendered":"\t\t<div data-elementor-type=\"wp-page\" data-elementor-id=\"12306\" class=\"elementor elementor-12306\">\n\t\t\t\t\t\t<section class=\"elementor-section elementor-top-section elementor-element elementor-element-be5cbf7 elementor-section-height-full elementor-section-items-top elementor-section-boxed elementor-section-height-default\" data-id=\"be5cbf7\" data-element_type=\"section\">\n\t\t\t\t\t\t<div class=\"elementor-container elementor-column-gap-default\">\n\t\t\t\t\t<div class=\"elementor-column elementor-col-100 elementor-top-column elementor-element elementor-element-9f0d4e9\" data-id=\"9f0d4e9\" data-element_type=\"column\">\n\t\t\t<div class=\"elementor-widget-wrap elementor-element-populated\">\n\t\t\t\t\t\t<div class=\"elementor-element elementor-element-864cbcc elementor-widget elementor-widget-heading\" data-id=\"864cbcc\" data-element_type=\"widget\" data-widget_type=\"heading.default\">\n\t\t\t\t<div class=\"elementor-widget-container\">\n\t\t\t\t\t<h1 class=\"elementor-heading-title elementor-size-default\">Espace Pro<\/h1>\t\t\t\t<\/div>\n\t\t\t\t<\/div>\n\t\t\t\t<div class=\"elementor-element elementor-element-5b3e550 elementor-widget elementor-widget-wpdmpackages\" data-id=\"5b3e550\" data-element_type=\"widget\" data-widget_type=\"wpdmpackages.default\">\n\t\t\t\t<div class=\"elementor-widget-container\">\n\t\t\t\t\t\n<div class=\"w3eden wpdm-auth-page\" id=\"wpdmloginpage\">\n    <div class=\"wpdm-auth-split\" id=\"wpdmlogin\">\n        <div class=\"wpdm-auth-panel\">\n            <!-- Left Panel - Decorative -->\n            <div class=\"wpdm-auth-left\">\n                <div class=\"wpdm-auth-grid\"><\/div>\n                <div class=\"wpdm-auth-circles\">\n                    <div class=\"wpdm-auth-circle\"><\/div>\n                    <div class=\"wpdm-auth-circle\"><\/div>\n                    <div class=\"wpdm-auth-circle\"><\/div>\n                    <div class=\"wpdm-auth-circle\"><\/div>\n                <\/div>\n\n                <div class=\"wpdm-auth-brand\">\n                    <a href=\"https:\/\/www.bancale.org\/le-membre-fantome\">\n                                            <img decoding=\"async\" src=\"https:\/\/www.bancale.org\/le-membre-fantome\/wp-content\/uploads\/2021\/05\/cropped-favicon.png\" alt=\"Le membre fant\u00f4me\" \/>\n                                        <span>Le membre fant\u00f4me<\/span>\n                    <\/a>\n                <\/div>\n\n                <div class=\"wpdm-auth-welcome\">\n                    <div class=\"wpdm-auth-welcome-sub\">Ravi de vous revoir<\/div>\n                    <div class=\"wpdm-auth-welcome-title\">Heureux de vous revoir<\/div>\n                    <div class=\"wpdm-auth-welcome-line\"><\/div>\n                    <div class=\"wpdm-auth-welcome-text\">\n                        Connectez-vous pour acc\u00e9der \u00e0 votre compte, g\u00e9rer vos t\u00e9l\u00e9chargements et d\u00e9couvrir toutes les fonctionnalit\u00e9s \u00e0 votre disposition.                    <\/div>\n                <\/div>\n            <\/div>\n\n            <!-- Right Panel - Form -->\n            <div class=\"wpdm-auth-right\">\n\n\n                <div class=\"wpdm-auth-form-header\">\n                    <h1 class=\"wpdm-auth-form-title\">Connexion au compte<\/h1>\n                    <p class=\"wpdm-auth-form-desc\">Saisissez vos identifiants pour acc\u00e9der \u00e0 votre compte et reprendre l\u00e0 o\u00f9 vous en \u00e9tiez.<\/p>\n                <\/div>\n                                <form name=\"loginform\" id=\"loginform\" action=\"\" method=\"post\">\n                    <input type=\"hidden\" name=\"permalink\" value=\"https:\/\/www.bancale.org\/le-membre-fantome\/espace-pro\/\" \/>\n\n                    <!-- Alerts -->\n                    <div id=\"__signin_msg\">\n                                            <\/div>\n\n                    \n                    <!-- Email -->\n                    <div class=\"wpdm-auth-field\">\n                        <div class=\"wpdm-auth-input-wrap\">\n                            <input type=\"text\" name=\"wpdm_login[log]\" id=\"user_login\" class=\"wpdm-auth-input\" required placeholder=\"ID de l\u2019e-mail\" autocomplete=\"username\" \/>\n                        <\/div>\n                    <\/div>\n\n                    <!-- Password -->\n                    <div class=\"wpdm-auth-field\">\n                        <div class=\"wpdm-auth-input-wrap\">\n                            <input type=\"password\" name=\"wpdm_login[pwd]\" id=\"password\" class=\"wpdm-auth-input has-toggle\" required placeholder=\"Mot de passe\" autocomplete=\"current-password\" \/>\n                            <button type=\"button\" class=\"wpdm-auth-pwd-toggle\" onclick=\"wpdmTogglePwd()\" aria-label=\"Toggle password visibility\">\n                                <svg id=\"wpdm-eye\" viewBox=\"0 0 24 24\" fill=\"none\" stroke=\"currentColor\" stroke-width=\"2\"><path d=\"M1 12s4-8 11-8 11 8 11 8-4 8-11 8-11-8-11-8z\"\/><circle cx=\"12\" cy=\"12\" r=\"3\"\/><\/svg>\n                                <svg id=\"wpdm-eye-off\" style=\"display:none\" viewBox=\"0 0 24 24\" fill=\"none\" stroke=\"currentColor\" stroke-width=\"2\"><path d=\"M17.94 17.94A10.07 10.07 0 0 1 12 20c-7 0-11-8-11-8a18.45 18.45 0 0 1 5.06-5.94M9.9 4.24A9.12 9.12 0 0 1 12 4c7 0 11 8 11 8a18.5 18.5 0 0 1-2.16 3.19m-6.72-1.07a3 3 0 1 1-4.24-4.24\"\/><line x1=\"1\" y1=\"1\" x2=\"23\" y2=\"23\"\/><\/svg>\n                            <\/button>\n                        <\/div>\n                    <\/div>\n\n                    <!-- Hidden hash -->\n                                        <input type=\"hidden\" name=\"__phash\" id=\"__phash\" value=\"OBdIwO7hhXgRrOEm5LPEGvreWTWYyx-HnCKpK1EhvIA_gWmq-t_4UQEWHKD9y1Aq2AJLK-LtNadwZZ-NzreCNCfTF6HC6_cRd4FqpRG8Fl5XbDFgbHrApjcuxUz2P5BRozsuStQmvzIUz1X6XXHc0pcoisJM33PlSkaQcp6WDLvWpQLAiCXbbh8_3d3B6ycR5NfkLCc70Qby2NTYkevCE0Wh_UBgtAsgt02_IAZE3P3x7WnUSB10F7sZ3DPY48x2RFgLpPN0JPDviaIFBGfUvOZ5MUdIsnBPKbnf2rTSjZtuhpG7g_LFMA8v_AGpI8d87ijAxOn1GIL2bhKEBnbqu616mh0M2Mxji_7EWKEN4g2KfXwYg3_LxJdMfQ7NWCktIEiMSB5NmvASyGiLWZCnmJwk9sn4fh0BpxP3ZRuVFKXeBx_AKO5vpF8Uwx-u-C5AyOM_aruCYS-Pn_CsSOnTy5DKGlyfaLqmMi_Tfip9-UmkE0ICoSJyy1wY-bRtPiwhI2ZG2yM0lsFdMWbSCkl8MsQ\" \/>\n\n                    \n                                        \n                    <!-- Remember & Forgot -->\n                    <div class=\"wpdm-auth-meta\">\n                        <label class=\"wpdm-auth-remember\">\n                            <input type=\"checkbox\" name=\"rememberme\" id=\"rememberme\" value=\"forever\" \/>\n                            <span class=\"wpdm-auth-check\">\n                                <svg viewBox=\"0 0 24 24\" fill=\"none\" stroke=\"currentColor\" stroke-width=\"3\"><polyline points=\"20 6 9 17 4 12\"\/><\/svg>\n                            <\/span>\n                            <span>Gardez-moi connect\u00e9<\/span>\n                        <\/label>\n                        <a href=\"https:\/\/www.bancale.org\/le-membre-fantome\/wp-login.php?action=lostpassword\" class=\"wpdm-auth-forgot\">Mot de passe oubli\u00e9\u00a0?<\/a>\n                    <\/div>\n\n                    <!-- Submit -->\n                    <button type=\"submit\" name=\"wp-submit\" id=\"loginform-submit\" class=\"wpdm-auth-btn\">\n                        <span>Connexion<\/span>\n                    <\/button>\n\n                    <!-- Register Link -->\n                                            <div class=\"wpdm-auth-link\">\n                            Vous n\u2019avez pas de compte\u00a0?                            <a href=\"0\">Abonnez-vous<\/a>\n                        <\/div>\n                    \n                    <input type=\"hidden\" name=\"redirect_to\" value=\"\/le-membre-fantome\/wp-json\/wp\/v2\/pages\/12306\" \/>\n                <\/form>\n\n                <!-- Social Login -->\n                \n                            <\/div>\n        <\/div>\n    <\/div>\n<\/div>\n\n<script>\nfunction wpdmTogglePwd() {\n    var pwd = document.getElementById('password');\n    var eye = document.getElementById('wpdm-eye');\n    var eyeOff = document.getElementById('wpdm-eye-off');\n    if (pwd.type === 'password') {\n        pwd.type = 'text';\n        eye.style.display = 'none';\n        eyeOff.style.display = 'block';\n    } else {\n        pwd.type = 'password';\n        eye.style.display = 'block';\n        eyeOff.style.display = 'none';\n    }\n}\n\njQuery(function ($) {\n        var $btn = $('#loginform-submit');\n    var btnHtml = $btn.html();\n\n    $('#loginform').submit(function () {\n        $btn.html('<span class=\"wpdm-auth-spinner\"><\/span><span>Connexion\u2026<\/span>').attr('disabled', 'disabled');\n\n        $(this).ajaxSubmit({\n            error: function(error) {\n                if(typeof error.responseJSON !== 'undefined') {\n                    showErr(error.responseJSON.messages || error.responseJSON.message);\n                    $btn.html(btnHtml).removeAttr('disabled');\n                                    } else {\n                    setTimeout(function () {\n                        location.href = \"\/le-membre-fantome\/wp-json\/wp\/v2\/pages\/12306\";\n                    }, 1000);\n                }\n            },\n            success: async function (res) {\n                if (!res.success) {\n                    showErr(res.message);\n                    $btn.html(btnHtml).removeAttr('disabled');\n                                    } else {\n                    let proceed = await WPDM.doAction(\"wpdm_user_login\", res);\n                    $btn.html('<svg viewBox=\"0 0 24 24\" width=\"16\" height=\"16\" fill=\"none\" stroke=\"currentColor\" stroke-width=\"2\"><path d=\"M22 11.08V12a10 10 0 1 1-5.93-9.14\"\/><polyline points=\"22 4 12 14.01 9 11.01\"\/><\/svg><span>' + res.message + '<\/span>');\n                    setTimeout(function () {\n                        location.href = \"\/le-membre-fantome\/wp-json\/wp\/v2\/pages\/12306\";\n                    }, 1000);\n                }\n            }\n        });\n        return false;\n    });\n    \n    function showErr(msg) {\n        $('#loginform .wpdm-auth-alert.error').remove();\n        var html = '<div class=\"wpdm-auth-alert error\">' +\n            '<svg viewBox=\"0 0 24 24\" fill=\"none\" stroke=\"currentColor\" stroke-width=\"2\"><circle cx=\"12\" cy=\"12\" r=\"10\"\/><line x1=\"15\" y1=\"9\" x2=\"9\" y2=\"15\"\/><line x1=\"9\" y1=\"9\" x2=\"15\" y2=\"15\"\/><\/svg>' +\n            '<span>' + msg + '<\/span><\/div>';\n        $('#loginform').prepend(html);\n    }\n\n    $('body').on('click', '.wpdm-auth-alert.error', function(){\n        $(this).slideUp(150, function() { $(this).remove(); });\n    });\n});\n<\/script>\n\t\t\t\t<\/div>\n\t\t\t\t<\/div>\n\t\t\t\t\t<\/div>\n\t\t<\/div>\n\t\t\t\t\t<\/div>\n\t\t<\/section>\n\t\t\t\t<\/div>\n\t\t","protected":false},"excerpt":{"rendered":"<p>Espace Pro Documentation Ceci est un document qui documente T\u00e9l\u00e9charger&hellip;<\/p>\n<p> <a class=\"more-link\" href=\"https:\/\/www.bancale.org\/le-membre-fantome\/espace-pro\/\">Lire la suite<\/a><\/p>\n","protected":false},"author":1,"featured_media":0,"parent":0,"menu_order":0,"comment_status":"closed","ping_status":"closed","template":"elementor_header_footer","meta":{"footnotes":""},"class_list":["post-12306","page","type-page","status-publish"],"_links":{"self":[{"href":"https:\/\/www.bancale.org\/le-membre-fantome\/wp-json\/wp\/v2\/pages\/12306","targetHints":{"allow":["GET"]}}],"collection":[{"href":"https:\/\/www.bancale.org\/le-membre-fantome\/wp-json\/wp\/v2\/pages"}],"about":[{"href":"https:\/\/www.bancale.org\/le-membre-fantome\/wp-json\/wp\/v2\/types\/page"}],"author":[{"embeddable":true,"href":"https:\/\/www.bancale.org\/le-membre-fantome\/wp-json\/wp\/v2\/users\/1"}],"replies":[{"embeddable":true,"href":"https:\/\/www.bancale.org\/le-membre-fantome\/wp-json\/wp\/v2\/comments?post=12306"}],"version-history":[{"count":47,"href":"https:\/\/www.bancale.org\/le-membre-fantome\/wp-json\/wp\/v2\/pages\/12306\/revisions"}],"predecessor-version":[{"id":12366,"href":"https:\/\/www.bancale.org\/le-membre-fantome\/wp-json\/wp\/v2\/pages\/12306\/revisions\/12366"}],"wp:attachment":[{"href":"https:\/\/www.bancale.org\/le-membre-fantome\/wp-json\/wp\/v2\/media?parent=12306"}],"curies":[{"name":"wp","href":"https:\/\/api.w.org\/{rel}","templated":true}]}}